{"id":4383,"date":"2025-05-07T15:55:51","date_gmt":"2025-05-07T18:55:51","guid":{"rendered":"https:\/\/www.mayssa.com.ar\/sa\/?page_id=4383"},"modified":"2025-05-07T16:07:14","modified_gmt":"2025-05-07T19:07:14","slug":"580n-series-2-580n-series-2-hd","status":"publish","type":"page","link":"https:\/\/www.mayssa.com.ar\/sa\/productos-construccion\/retroexcavadoras\/580n-series-2-580n-series-2-hd\/","title":{"rendered":"580N SERIES 2 \/ 580N SERIES 2 HD"},"content":{"rendered":"\t\t<div data-elementor-type=\"wp-page\" data-elementor-id=\"4383\" class=\"elementor elementor-4383\" data-elementor-post-type=\"page\">\n\t\t\t\t<div data-particle_enable=\"false\" data-particle-mobile-disabled=\"false\" class=\"elementor-element elementor-element-655e61b1 e-con-full e-flex e-con e-parent\" data-id=\"655e61b1\" data-element_type=\"container\" data-settings=\"{&quot;background_background&quot;:&quot;classic&quot;}\">\n\t\t\t\t<\/div>\n\t\t<div data-particle_enable=\"false\" data-particle-mobile-disabled=\"false\" class=\"elementor-element elementor-element-c8f1513 e-flex e-con-boxed e-con e-parent\" data-id=\"c8f1513\" data-element_type=\"container\" data-settings=\"{&quot;background_background&quot;:&quot;classic&quot;}\">\n\t\t\t\t\t<div class=\"e-con-inner\">\n\t\t<div data-particle_enable=\"false\" data-particle-mobile-disabled=\"false\" class=\"elementor-element elementor-element-e238a3f e-con-full e-flex e-con e-child\" data-id=\"e238a3f\" data-element_type=\"container\">\n\t\t\t\t<div class=\"elementor-element elementor-element-024ca05 elementor-widget elementor-widget-heading\" data-id=\"024ca05\" data-element_type=\"widget\" data-widget_type=\"heading.default\">\n\t\t\t\t<div class=\"elementor-widget-container\">\n\t\t\t\t\t<h1 class=\"elementor-heading-title elementor-size-default\">RETROEXCAVADORAS<\/h1>\t\t\t\t<\/div>\n\t\t\t\t<\/div>\n\t\t\t\t<div class=\"elementor-element elementor-element-f7794f0 elementor-widget elementor-widget-heading\" data-id=\"f7794f0\" data-element_type=\"widget\" data-widget_type=\"heading.default\">\n\t\t\t\t<div class=\"elementor-widget-container\">\n\t\t\t\t\t<h1 class=\"elementor-heading-title elementor-size-default\">580N SERIES 2 \/ 580N SERIES 2 HD<\/h1>\t\t\t\t<\/div>\n\t\t\t\t<\/div>\n\t\t<div data-particle_enable=\"false\" data-particle-mobile-disabled=\"false\" class=\"elementor-element elementor-element-7da1556 e-con-full e-flex e-con e-child\" data-id=\"7da1556\" data-element_type=\"container\" data-settings=\"{&quot;background_background&quot;:&quot;classic&quot;}\">\n\t\t\t\t<div class=\"elementor-element elementor-element-197f1ebb elementor-widget elementor-widget-text-editor\" data-id=\"197f1ebb\" data-element_type=\"widget\" data-widget_type=\"text-editor.default\">\n\t\t\t\t<div class=\"elementor-widget-container\">\n\t\t\t\t\t\t\t\t\t<p class=\"hero-banner__label hero-banner__label--black rich-text\"><strong>POTENCIA BRUTA<br \/><\/strong>96 hp<\/p><p><b>PESO OPERACIONAL<br \/><\/b>7.488 kg<\/p>\t\t\t\t\t\t\t\t<\/div>\n\t\t\t\t<\/div>\n\t\t\t\t<\/div>\n\t\t<div data-particle_enable=\"false\" data-particle-mobile-disabled=\"false\" class=\"elementor-element elementor-element-3217f4f4 e-con-full e-flex e-con e-child\" data-id=\"3217f4f4\" data-element_type=\"container\" data-settings=\"{&quot;background_background&quot;:&quot;classic&quot;}\">\n\t\t\t\t<div class=\"elementor-element elementor-element-e8c2672 elementor-widget elementor-widget-button\" data-id=\"e8c2672\" data-element_type=\"widget\" data-widget_type=\"button.default\">\n\t\t\t\t<div class=\"elementor-widget-container\">\n\t\t\t\t\t\t\t\t\t<div class=\"elementor-button-wrapper\">\n\t\t\t\t\t<a class=\"elementor-button elementor-button-link elementor-size-sm\" href=\"https:\/\/api.whatsapp.com\/send?phone=5493874816447\" target=\"_blank\">\n\t\t\t\t\t\t<span class=\"elementor-button-content-wrapper\">\n\t\t\t\t\t\t<span class=\"elementor-button-icon\">\n\t\t\t\t<svg aria-hidden=\"true\" class=\"e-font-icon-svg e-fab-whatsapp\" viewBox=\"0 0 448 512\" xmlns=\"http:\/\/www.w3.org\/2000\/svg\"><path d=\"M380.9 97.1C339 55.1 283.2 32 223.9 32c-122.4 0-222 99.6-222 222 0 39.1 10.2 77.3 29.6 111L0 480l117.7-30.9c32.4 17.7 68.9 27 106.1 27h.1c122.3 0 224.1-99.6 224.1-222 0-59.3-25.2-115-67.1-157zm-157 341.6c-33.2 0-65.7-8.9-94-25.7l-6.7-4-69.8 18.3L72 359.2l-4.4-7c-18.5-29.4-28.2-63.3-28.2-98.2 0-101.7 82.8-184.5 184.6-184.5 49.3 0 95.6 19.2 130.4 54.1 34.8 34.9 56.2 81.2 56.1 130.5 0 101.8-84.9 184.6-186.6 184.6zm101.2-138.2c-5.5-2.8-32.8-16.2-37.9-18-5.1-1.9-8.8-2.8-12.5 2.8-3.7 5.6-14.3 18-17.6 21.8-3.2 3.7-6.5 4.2-12 1.4-32.6-16.3-54-29.1-75.5-66-5.7-9.8 5.7-9.1 16.3-30.3 1.8-3.7.9-6.9-.5-9.7-1.4-2.8-12.5-30.1-17.1-41.2-4.5-10.8-9.1-9.3-12.5-9.5-3.2-.2-6.9-.2-10.6-.2-3.7 0-9.7 1.4-14.8 6.9-5.1 5.6-19.4 19-19.4 46.3 0 27.3 19.9 53.7 22.6 57.4 2.8 3.7 39.1 59.7 94.8 83.8 35.2 15.2 49 16.5 66.6 13.9 10.7-1.6 32.8-13.4 37.4-26.4 4.6-13 4.6-24.1 3.2-26.4-1.3-2.5-5-3.9-10.5-6.6z\"><\/path><\/svg>\t\t\t<\/span>\n\t\t\t\t\t\t\t\t\t<span class=\"elementor-button-text\">Conversar con un asesor<\/span>\n\t\t\t\t\t<\/span>\n\t\t\t\t\t<\/a>\n\t\t\t\t<\/div>\n\t\t\t\t\t\t\t\t<\/div>\n\t\t\t\t<\/div>\n\t\t\t\t<\/div>\n\t\t\t\t<\/div>\n\t\t\t\t\t<\/div>\n\t\t\t\t<\/div>\n\t\t<div data-particle_enable=\"false\" data-particle-mobile-disabled=\"false\" class=\"elementor-element elementor-element-07904a1 e-grid e-con-full e-con e-parent\" data-id=\"07904a1\" data-element_type=\"container\" id=\"descripcion-general\">\n\t\t\t\t<div class=\"elementor-element elementor-element-31813a4 elementor-widget elementor-widget-text-editor\" data-id=\"31813a4\" data-element_type=\"widget\" data-widget_type=\"text-editor.default\">\n\t\t\t\t<div class=\"elementor-widget-container\">\n\t\t\t\t\t\t\t\t\t<h2 class=\"tl-page\">580N SERIES 2 \/ 580N SERIES 2 HD<\/h2><div class=\"row first-text\"><div class=\"col-12\">\u00a0<\/div><\/div><div class=\"row first-text\"><div class=\"col-12\"><div class=\"row first-text\"><div class=\"col-12\"><div class=\"row first-text\"><div class=\"col-12\"><div class=\"row first-text\"><div class=\"col-12\"><p>Las retroexcavadoras 580N Serie 2 y 580N Serie 2 HD confirman el esp\u00edritu pionero de CASE, ofreciendo a los clientes equipos fiables y de alto rendimiento con soluciones que aumentan la productividad. El motor &#8211; fabricado por CNH y utilizado en otros equipos CASE &#8211; ofrece mayor potencia y par, con un consumo de combustible optimizado, proporcionando una mayor productividad en todas las operaciones. La nueva bomba hidr\u00e1ulica tambi\u00e9n es un punto destacado: tiene un mayor caudal, aumentando la respuesta de los comandos hidr\u00e1ulicos. Los nuevos brazos y zapatas estabilizadoras garantizan un mantenimiento m\u00e1s sencillo y una mayor estabilidad.<\/p><\/div><\/div><\/div><\/div><\/div><\/div><\/div><\/div>\t\t\t\t\t\t\t\t<\/div>\n\t\t\t\t<\/div>\n\t\t<div data-particle_enable=\"false\" data-particle-mobile-disabled=\"false\" class=\"elementor-element elementor-element-b253702 e-con-full e-flex e-con e-child\" data-id=\"b253702\" data-element_type=\"container\" data-settings=\"{&quot;background_background&quot;:&quot;slideshow&quot;,&quot;background_slideshow_gallery&quot;:[{&quot;id&quot;:4392,&quot;url&quot;:&quot;https:\\\/\\\/www.mayssa.com.ar\\\/sa\\\/wp-content\\\/uploads\\\/2025\\\/05\\\/580NS2-gal3.jpg&quot;},{&quot;id&quot;:4391,&quot;url&quot;:&quot;https:\\\/\\\/www.mayssa.com.ar\\\/sa\\\/wp-content\\\/uploads\\\/2025\\\/05\\\/580NS2-gal2.jpg&quot;},{&quot;id&quot;:4390,&quot;url&quot;:&quot;https:\\\/\\\/www.mayssa.com.ar\\\/sa\\\/wp-content\\\/uploads\\\/2025\\\/05\\\/580NS2-gal1.jpg&quot;}],&quot;background_slideshow_slide_duration&quot;:3000,&quot;background_slideshow_loop&quot;:&quot;yes&quot;,&quot;background_slideshow_slide_transition&quot;:&quot;fade&quot;,&quot;background_slideshow_transition_duration&quot;:500}\">\n\t\t\t\t<\/div>\n\t\t\t\t<\/div>\n\t\t<div data-particle_enable=\"false\" data-particle-mobile-disabled=\"false\" class=\"elementor-element elementor-element-97c41ad e-grid e-con-full e-con e-parent\" data-id=\"97c41ad\" data-element_type=\"container\" id=\"caracteristicas\" data-settings=\"{&quot;background_background&quot;:&quot;classic&quot;}\">\n\t\t<div data-particle_enable=\"false\" data-particle-mobile-disabled=\"false\" class=\"elementor-element elementor-element-b9759dd e-flex e-con-boxed e-con e-child\" data-id=\"b9759dd\" data-element_type=\"container\">\n\t\t\t\t\t<div class=\"e-con-inner\">\n\t\t\t\t<div class=\"elementor-element elementor-element-bc42a61 elementor-widget elementor-widget-heading\" data-id=\"bc42a61\" data-element_type=\"widget\" data-widget_type=\"heading.default\">\n\t\t\t\t<div class=\"elementor-widget-container\">\n\t\t\t\t\t<h2 class=\"elementor-heading-title elementor-size-default\">Caracter\u00edsticas<\/h2>\t\t\t\t<\/div>\n\t\t\t\t<\/div>\n\t\t\t\t\t<\/div>\n\t\t\t\t<\/div>\n\t\t\t\t<div class=\"elementor-element elementor-element-91a4072 e-n-tabs-mobile elementor-widget elementor-widget-n-tabs\" data-id=\"91a4072\" data-element_type=\"widget\" data-widget_type=\"nested-tabs.default\">\n\t\t\t\t<div class=\"elementor-widget-container\">\n\t\t\t\t\t\t\t<div class=\"e-n-tabs\" data-widget-number=\"152715378\" aria-label=\"Pesta\u00f1as. Abre elementos con Intro o Espacio, ci\u00e9rralos con Escape y navega con las fechas.\">\n\t\t\t<div class=\"e-n-tabs-heading\" role=\"tablist\">\n\t\t\t\t\t<button id=\"e-n-tab-title-1527153781\" class=\"e-n-tab-title\" aria-selected=\"true\" data-tab-index=\"1\" role=\"tab\" tabindex=\"0\" aria-controls=\"e-n-tab-content-1527153781\" style=\"--n-tabs-title-order: 1;\">\n\t\t\t\t\t\t<span class=\"e-n-tab-title-text\">\n\t\t\t\tSOLUCIONES A MEDIDA\t\t\t<\/span>\n\t\t<\/button>\n\t\t\t\t<button id=\"e-n-tab-title-1527153782\" class=\"e-n-tab-title\" aria-selected=\"false\" data-tab-index=\"2\" role=\"tab\" tabindex=\"-1\" aria-controls=\"e-n-tab-content-1527153782\" style=\"--n-tabs-title-order: 2;\">\n\t\t\t\t\t\t<span class=\"e-n-tab-title-text\">\n\t\t\t\tOPCIONALES\t\t\t<\/span>\n\t\t<\/button>\n\t\t\t\t\t<\/div>\n\t\t\t<div class=\"e-n-tabs-content\">\n\t\t\t\t<div data-particle_enable=\"false\" data-particle-mobile-disabled=\"false\" id=\"e-n-tab-content-1527153781\" role=\"tabpanel\" aria-labelledby=\"e-n-tab-title-1527153781\" data-tab-index=\"1\" style=\"--n-tabs-title-order: 1;\" class=\"e-active elementor-element elementor-element-80b9b54 e-con-full e-flex e-con e-child\" data-id=\"80b9b54\" data-element_type=\"container\">\n\t\t\t\t<div class=\"elementor-element elementor-element-10811ad elementor-widget elementor-widget-text-editor\" data-id=\"10811ad\" data-element_type=\"widget\" data-widget_type=\"text-editor.default\">\n\t\t\t\t<div class=\"elementor-widget-container\">\n\t\t\t\t\t\t\t\t\t<div class=\"col-6\"><p>Nuevas Opciones (580N Series 2 HD y 580N Series 2)<\/p><ul><li>(NUEVO) Faros LED<\/li><\/ul><p>Opcionales de Serie (exclusivos de la 580N Series 2 HD)<\/p><ul><li>Asiento con suspensi\u00f3n neum\u00e1tica<\/li><\/ul><p>Opcionales Adicionales (exclusivos de la 580N Series 2 HD)<\/p><ul><li><span>Control piloto<\/span><\/li><li><span>Extendahoe<\/span><\/li><li>Cuchar\u00f3n 4 en 1<\/li><\/ul><p>Opcionales Adicionales (580N Series 2 HD y 580N Series 2)<\/p><ul><li>Retrovisores exteriores<\/li><\/ul><p>Opcionales (exclusivos de la 580N Series 2)<\/p><ul><li>Eje delantero CNH Est\u00e1ndar con neum\u00e1ticos delanteros 12,5 X 16<\/li><\/ul><\/div><div class=\"col-6\"><p>Beneficios<\/p><ul><li>Paquete de iluminaci\u00f3n con mayor confort visual y vida \u00fatil m\u00e1s larga.<\/li><\/ul><p><span>Beneficios<\/span><\/p><ul><li>Mayor comodidad para el operador.<\/li><\/ul><p><span>Beneficios<\/span><\/p><ul><li>Mando electrohidr\u00e1ulico con mayor comodidad y posibilidad de cambiar entre normas SAE e ISO con s\u00f3lo pulsar un bot\u00f3n.<\/li><li>Brazo telesc\u00f3pico que puede alcanzar hasta 1 metro del brazo de excavaci\u00f3n.<\/li><li>Cuchara frontal con accionamiento hidr\u00e1ulico para nivelaci\u00f3n y pinza.<\/li><\/ul><p><span>Beneficios<\/span><\/p><ul><li>Mejor visibilidad durante el funcionamiento y los desplazamientos.<\/li><\/ul><p><span>Beneficios<\/span><\/p><ul><li>Neum\u00e1tico m\u00e1s ancho y bajo compatible con el eje CNH est\u00e1ndar.<\/li><\/ul><\/div>\t\t\t\t\t\t\t\t<\/div>\n\t\t\t\t<\/div>\n\t\t\t\t<\/div>\n\t\t<div data-particle_enable=\"false\" data-particle-mobile-disabled=\"false\" id=\"e-n-tab-content-1527153782\" role=\"tabpanel\" aria-labelledby=\"e-n-tab-title-1527153782\" data-tab-index=\"2\" style=\"--n-tabs-title-order: 2;\" class=\" elementor-element elementor-element-377a11c e-flex e-con-boxed e-con e-child\" data-id=\"377a11c\" data-element_type=\"container\">\n\t\t\t\t\t<div class=\"e-con-inner\">\n\t\t<div data-particle_enable=\"false\" data-particle-mobile-disabled=\"false\" class=\"elementor-element elementor-element-c3d164c e-con-full e-flex e-con e-child\" data-id=\"c3d164c\" data-element_type=\"container\">\n\t\t\t\t<div class=\"elementor-element elementor-element-b39a0d1 elementor-widget elementor-widget-text-editor\" data-id=\"b39a0d1\" data-element_type=\"widget\" data-widget_type=\"text-editor.default\">\n\t\t\t\t<div class=\"elementor-widget-container\">\n\t\t\t\t\t\t\t\t\t<div class=\"col-3\"><div class=\"tl-16\"><p><span>EXTENDAHOE<\/span><\/p><\/div><ul><li>El operador realiza el trabajo m\u00e1s r\u00e1pido y con menos esfuerzo.<\/li><li>Mayor capacidad, mayor flexibilidad, m\u00e1s f\u00e1cil de transportar. El brazo extendido tiene la misma resistencia que el brazo est\u00e1ndar y, adem\u00e1s, aumenta la capacidad general de la retroexcavadora para igualarse a una excavadora de tama\u00f1o mediano, con las ventajas adicionales de mayor flexibilidad y facilidad de transporte.<\/li><\/ul><\/div><div class=\"col-3\"><div class=\"tl-16\"><p>PROYECTO DE LA RETROEXCAVADORA<\/p><\/div><ul><li>Una s\u00f3lida herencia en el dise\u00f1o de retroexcavadora de alto rendimiento.<\/li><li>La retroexcavadora est\u00e1 moldeada para ofrecer una mayor capacidad de excavaci\u00f3n y elevaci\u00f3n con una gran fuerza de arranque. El operador puede levantar con facilidad y seguridad objetos suspendidos utilizando el gancho de elevaci\u00f3n. La pluma y el brazo est\u00e1n construidos para ofrecer durabilidad y fiabilidad, con una inspecci\u00f3n ultras\u00f3nica que garantiza una soldadura de alta calidad. El sistema hidr\u00e1ulico con bomba de centro cerrado garantiza ciclos r\u00e1pidos en aplicaciones de excavaci\u00f3n y carga.<\/li><\/ul><\/div><div class=\"col-3\"><div class=\"tl-16\"><p>CICLO DE CARGA R\u00c1PIDO<\/p><\/div><ul><li>Carga sin esfuerzo.<\/li><li>Las funciones de nivelaci\u00f3n autom\u00e1tica y de retorno a la excavaci\u00f3n reducen el esfuerzo del operador al reposicionar autom\u00e1ticamente el cuchar\u00f3n plano en el suelo, listo para un nuevo ciclo.<\/li><\/ul><p><strong>BRAZO CARGADOR TOOL CARRIER<\/strong><\/p><ul><li>Dise\u00f1ado para ofrecer los costes de explotaci\u00f3n m\u00e1s bajos.<\/li><li>El brazo Tool Carrier se ha dise\u00f1ado utilizando un innovador enfoque de integraci\u00f3n de sistemas para optimizar los recorridos de las l\u00edneas, garantizar una excelente visibilidad y proporcionar un alcance de descarga de categor\u00eda, satisfaciendo las necesidades m\u00e1s exigentes de los clientes en aplicaciones de carga.<\/li><\/ul><\/div><div class=\"col-3\"><div class=\"tl-16\"><p>MANTENIMIENTO SEGURO Y F\u00c1CIL<\/p><\/div><ul><li>Acceso f\u00e1cil al mantenimiento del motor.<\/li><li>Facilidad de mantenimiento gracias a la amplia \u00e1rea de acceso disponible al abrir el cap\u00f3 inclinable del motor. El dise\u00f1o de la m\u00e1quina est\u00e1 optimizado para proporcionar un acceso sencillo a todos los componentes principales. Todos los fusibles y rel\u00e9s est\u00e1n convenientemente ubicados en la cabina para facilitar y agilizar las operaciones de mantenimiento.<\/li><\/ul><\/div>\t\t\t\t\t\t\t\t<\/div>\n\t\t\t\t<\/div>\n\t\t\t\t<\/div>\n\t\t\t\t\t<\/div>\n\t\t\t\t<\/div>\n\t\t\t\t\t<\/div>\n\t\t<\/div>\n\t\t\t\t\t\t<\/div>\n\t\t\t\t<\/div>\n\t\t\t\t<\/div>\n\t\t<div data-particle_enable=\"false\" data-particle-mobile-disabled=\"false\" class=\"elementor-element elementor-element-c208719 e-flex e-con-boxed e-con e-parent\" data-id=\"c208719\" data-element_type=\"container\" data-settings=\"{&quot;background_background&quot;:&quot;classic&quot;}\">\n\t\t\t\t\t<div class=\"e-con-inner\">\n\t\t<div data-particle_enable=\"false\" data-particle-mobile-disabled=\"false\" class=\"elementor-element elementor-element-8484d3c e-con-full e-flex e-con e-child\" data-id=\"8484d3c\" data-element_type=\"container\" data-settings=\"{&quot;background_background&quot;:&quot;classic&quot;}\">\n\t\t\t\t<div class=\"elementor-element elementor-element-534740e elementor-widget elementor-widget-button\" data-id=\"534740e\" data-element_type=\"widget\" data-widget_type=\"button.default\">\n\t\t\t\t<div class=\"elementor-widget-container\">\n\t\t\t\t\t\t\t\t\t<div class=\"elementor-button-wrapper\">\n\t\t\t\t\t<a class=\"elementor-button elementor-button-link elementor-size-sm\" href=\"https:\/\/assets.cnhindustrial.com\/casece\/latam\/assets\/Brochures\/Products\/Backhoe-Loaders\/580N%20S2\/CCE_FOLLETO_RETROEXCAVADORA_580N%20SERIES%202.pdf\" target=\"_blank\">\n\t\t\t\t\t\t<span class=\"elementor-button-content-wrapper\">\n\t\t\t\t\t\t<span class=\"elementor-button-icon\">\n\t\t\t\t<svg aria-hidden=\"true\" class=\"e-font-icon-svg e-fas-file-download\" viewBox=\"0 0 384 512\" xmlns=\"http:\/\/www.w3.org\/2000\/svg\"><path d=\"M224 136V0H24C10.7 0 0 10.7 0 24v464c0 13.3 10.7 24 24 24h336c13.3 0 24-10.7 24-24V160H248c-13.2 0-24-10.8-24-24zm76.45 211.36l-96.42 95.7c-6.65 6.61-17.39 6.61-24.04 0l-96.42-95.7C73.42 337.29 80.54 320 94.82 320H160v-80c0-8.84 7.16-16 16-16h32c8.84 0 16 7.16 16 16v80h65.18c14.28 0 21.4 17.29 11.27 27.36zM377 105L279.1 7c-4.5-4.5-10.6-7-17-7H256v128h128v-6.1c0-6.3-2.5-12.4-7-16.9z\"><\/path><\/svg>\t\t\t<\/span>\n\t\t\t\t\t\t\t\t\t<span class=\"elementor-button-text\">Descargue folleto t\u00e9cnico de Retroexcavadora<\/span>\n\t\t\t\t\t<\/span>\n\t\t\t\t\t<\/a>\n\t\t\t\t<\/div>\n\t\t\t\t\t\t\t\t<\/div>\n\t\t\t\t<\/div>\n\t\t\t\t<\/div>\n\t\t\t\t\t<\/div>\n\t\t\t\t<\/div>\n\t\t<div data-particle_enable=\"false\" data-particle-mobile-disabled=\"false\" class=\"elementor-element elementor-element-3bb4546 e-flex e-con-boxed e-con e-parent\" data-id=\"3bb4546\" data-element_type=\"container\" data-settings=\"{&quot;background_background&quot;:&quot;classic&quot;}\">\n\t\t\t\t\t<div class=\"e-con-inner\">\n\t\t<div data-particle_enable=\"false\" data-particle-mobile-disabled=\"false\" class=\"elementor-element elementor-element-e5c4cd0 e-con-full e-flex e-con e-child\" data-id=\"e5c4cd0\" data-element_type=\"container\" data-settings=\"{&quot;background_background&quot;:&quot;classic&quot;}\">\n\t\t\t\t<div class=\"elementor-element elementor-element-a59fc6a elementor-shape-circle elementor-grid-0 e-grid-align-center elementor-widget elementor-widget-social-icons\" data-id=\"a59fc6a\" data-element_type=\"widget\" data-widget_type=\"social-icons.default\">\n\t\t\t\t<div class=\"elementor-widget-container\">\n\t\t\t\t\t\t\t<div class=\"elementor-social-icons-wrapper elementor-grid\" role=\"list\">\n\t\t\t\t\t\t\t<span class=\"elementor-grid-item\" role=\"listitem\">\n\t\t\t\t\t<a class=\"elementor-icon elementor-social-icon elementor-social-icon-facebook elementor-repeater-item-cfc7a5f\" href=\"https:\/\/www.facebook.com\/mayssaargentina#\" target=\"_blank\">\n\t\t\t\t\t\t<span class=\"elementor-screen-only\">Facebook<\/span>\n\t\t\t\t\t\t<svg class=\"e-font-icon-svg e-fab-facebook\" viewBox=\"0 0 512 512\" xmlns=\"http:\/\/www.w3.org\/2000\/svg\"><path d=\"M504 256C504 119 393 8 256 8S8 119 8 256c0 123.78 90.69 226.38 209.25 245V327.69h-63V256h63v-54.64c0-62.15 37-96.48 93.67-96.48 27.14 0 55.52 4.84 55.52 4.84v61h-31.28c-30.8 0-40.41 19.12-40.41 38.73V256h68.78l-11 71.69h-57.78V501C413.31 482.38 504 379.78 504 256z\"><\/path><\/svg>\t\t\t\t\t<\/a>\n\t\t\t\t<\/span>\n\t\t\t\t\t\t\t<span class=\"elementor-grid-item\" role=\"listitem\">\n\t\t\t\t\t<a class=\"elementor-icon elementor-social-icon elementor-social-icon-instagram elementor-repeater-item-0363edb\" href=\"https:\/\/www.instagram.com\/mayssaargentina\/\" target=\"_blank\">\n\t\t\t\t\t\t<span class=\"elementor-screen-only\">Instagram<\/span>\n\t\t\t\t\t\t<svg class=\"e-font-icon-svg e-fab-instagram\" viewBox=\"0 0 448 512\" xmlns=\"http:\/\/www.w3.org\/2000\/svg\"><path d=\"M224.1 141c-63.6 0-114.9 51.3-114.9 114.9s51.3 114.9 114.9 114.9S339 319.5 339 255.9 287.7 141 224.1 141zm0 189.6c-41.1 0-74.7-33.5-74.7-74.7s33.5-74.7 74.7-74.7 74.7 33.5 74.7 74.7-33.6 74.7-74.7 74.7zm146.4-194.3c0 14.9-12 26.8-26.8 26.8-14.9 0-26.8-12-26.8-26.8s12-26.8 26.8-26.8 26.8 12 26.8 26.8zm76.1 27.2c-1.7-35.9-9.9-67.7-36.2-93.9-26.2-26.2-58-34.4-93.9-36.2-37-2.1-147.9-2.1-184.9 0-35.8 1.7-67.6 9.9-93.9 36.1s-34.4 58-36.2 93.9c-2.1 37-2.1 147.9 0 184.9 1.7 35.9 9.9 67.7 36.2 93.9s58 34.4 93.9 36.2c37 2.1 147.9 2.1 184.9 0 35.9-1.7 67.7-9.9 93.9-36.2 26.2-26.2 34.4-58 36.2-93.9 2.1-37 2.1-147.8 0-184.8zM398.8 388c-7.8 19.6-22.9 34.7-42.6 42.6-29.5 11.7-99.5 9-132.1 9s-102.7 2.6-132.1-9c-19.6-7.8-34.7-22.9-42.6-42.6-11.7-29.5-9-99.5-9-132.1s-2.6-102.7 9-132.1c7.8-19.6 22.9-34.7 42.6-42.6 29.5-11.7 99.5-9 132.1-9s102.7-2.6 132.1 9c19.6 7.8 34.7 22.9 42.6 42.6 11.7 29.5 9 99.5 9 132.1s2.7 102.7-9 132.1z\"><\/path><\/svg>\t\t\t\t\t<\/a>\n\t\t\t\t<\/span>\n\t\t\t\t\t\t\t<span class=\"elementor-grid-item\" role=\"listitem\">\n\t\t\t\t\t<a class=\"elementor-icon elementor-social-icon elementor-social-icon-x-twitter elementor-repeater-item-d39fefb\" href=\"https:\/\/x.com\/mayssaOk\" target=\"_blank\">\n\t\t\t\t\t\t<span class=\"elementor-screen-only\">X-twitter<\/span>\n\t\t\t\t\t\t<svg class=\"e-font-icon-svg e-fab-x-twitter\" viewBox=\"0 0 512 512\" xmlns=\"http:\/\/www.w3.org\/2000\/svg\"><path d=\"M389.2 48h70.6L305.6 224.2 487 464H345L233.7 318.6 106.5 464H35.8L200.7 275.5 26.8 48H172.4L272.9 180.9 389.2 48zM364.4 421.8h39.1L151.1 88h-42L364.4 421.8z\"><\/path><\/svg>\t\t\t\t\t<\/a>\n\t\t\t\t<\/span>\n\t\t\t\t\t\t\t<span class=\"elementor-grid-item\" role=\"listitem\">\n\t\t\t\t\t<a class=\"elementor-icon elementor-social-icon elementor-social-icon-linkedin elementor-repeater-item-748a08e\" href=\"https:\/\/ar.linkedin.com\/company\/mayssaargentina\" target=\"_blank\">\n\t\t\t\t\t\t<span class=\"elementor-screen-only\">Linkedin<\/span>\n\t\t\t\t\t\t<svg class=\"e-font-icon-svg e-fab-linkedin\" viewBox=\"0 0 448 512\" xmlns=\"http:\/\/www.w3.org\/2000\/svg\"><path d=\"M416 32H31.9C14.3 32 0 46.5 0 64.3v383.4C0 465.5 14.3 480 31.9 480H416c17.6 0 32-14.5 32-32.3V64.3c0-17.8-14.4-32.3-32-32.3zM135.4 416H69V202.2h66.5V416zm-33.2-243c-21.3 0-38.5-17.3-38.5-38.5S80.9 96 102.2 96c21.2 0 38.5 17.3 38.5 38.5 0 21.3-17.2 38.5-38.5 38.5zm282.1 243h-66.4V312c0-24.8-.5-56.7-34.5-56.7-34.6 0-39.9 27-39.9 54.9V416h-66.4V202.2h63.7v29.2h.9c8.9-16.8 30.6-34.5 62.9-34.5 67.2 0 79.7 44.3 79.7 101.9V416z\"><\/path><\/svg>\t\t\t\t\t<\/a>\n\t\t\t\t<\/span>\n\t\t\t\t\t<\/div>\n\t\t\t\t\t\t<\/div>\n\t\t\t\t<\/div>\n\t\t\t\t<\/div>\n\t\t\t\t\t<\/div>\n\t\t\t\t<\/div>\n\t\t\t\t<\/div>\n\t\t","protected":false},"excerpt":{"rendered":"<p>RETROEXCAVADORAS 580N SERIES 2 \/ 580N SERIES 2 HD POTENCIA BRUTA96 hp PESO OPERACIONAL7.488 kg Conversar con un asesor 580N SERIES 2 \/ 580N SERIES 2 HD \u00a0 Las retroexcavadoras 580N Serie 2 y 580N Serie 2 HD confirman el esp\u00edritu pionero de CASE, ofreciendo a los clientes equipos fiables y de alto rendimiento con [&hellip;]<\/p>\n","protected":false},"author":1,"featured_media":0,"parent":2455,"menu_order":0,"comment_status":"closed","ping_status":"closed","template":"","meta":{"site-sidebar-layout":"no-sidebar","site-content-layout":"page-builder","ast-site-content-layout":"default","site-content-style":"default","site-sidebar-style":"default","ast-global-header-display":"","ast-banner-title-visibility":"","ast-main-header-display":"","ast-hfb-above-header-display":"","ast-hfb-below-header-display":"","ast-hfb-mobile-header-display":"","site-post-title":"disabled","ast-breadcrumbs-content":"disabled","ast-featured-img":"disabled","footer-sml-layout":"","theme-transparent-header-meta":"enabled","adv-header-id-meta":"","stick-header-meta":"","header-above-stick-meta":"","header-main-stick-meta":"","header-below-stick-meta":"","astra-migrate-meta-layouts":"default","ast-page-background-enabled":"default","ast-page-background-meta":{"desktop":{"background-color":"","background-image":"","background-repeat":"repeat","background-position":"center center","background-size":"auto","background-attachment":"scroll","background-type":"","background-media":"","overlay-type":"","overlay-color":"","overlay-opacity":"","overlay-gradient":""},"tablet":{"background-color":"","background-image":"","background-repeat":"repeat","background-position":"center center","background-size":"auto","background-attachment":"scroll","background-type":"","background-media":"","overlay-type":"","overlay-color":"","overlay-opacity":"","overlay-gradient":""},"mobile":{"background-color":"","background-image":"","background-repeat":"repeat","background-position":"center center","background-size":"auto","background-attachment":"scroll","background-type":"","background-media":"","overlay-type":"","overlay-color":"","overlay-opacity":"","overlay-gradient":""}},"ast-content-background-meta":{"desktop":{"background-color":"var(--ast-global-color-5)","background-image":"","background-repeat":"repeat","background-position":"center center","background-size":"auto","background-attachment":"scroll","background-type":"","background-media":"","overlay-type":"","overlay-color":"","overlay-opacity":"","overlay-gradient":""},"tablet":{"background-color":"var(--ast-global-color-5)","background-image":"","background-repeat":"repeat","background-position":"center center","background-size":"auto","background-attachment":"scroll","background-type":"","background-media":"","overlay-type":"","overlay-color":"","overlay-opacity":"","overlay-gradient":""},"mobile":{"background-color":"var(--ast-global-color-5)","background-image":"","background-repeat":"repeat","background-position":"center center","background-size":"auto","background-attachment":"scroll","background-type":"","background-media":"","overlay-type":"","overlay-color":"","overlay-opacity":"","overlay-gradient":""}},"footnotes":""},"class_list":["post-4383","page","type-page","status-publish","hentry"],"_links":{"self":[{"href":"https:\/\/www.mayssa.com.ar\/sa\/wp-json\/wp\/v2\/pages\/4383","targetHints":{"allow":["GET"]}}],"collection":[{"href":"https:\/\/www.mayssa.com.ar\/sa\/wp-json\/wp\/v2\/pages"}],"about":[{"href":"https:\/\/www.mayssa.com.ar\/sa\/wp-json\/wp\/v2\/types\/page"}],"author":[{"embeddable":true,"href":"https:\/\/www.mayssa.com.ar\/sa\/wp-json\/wp\/v2\/users\/1"}],"replies":[{"embeddable":true,"href":"https:\/\/www.mayssa.com.ar\/sa\/wp-json\/wp\/v2\/comments?post=4383"}],"version-history":[{"count":4,"href":"https:\/\/www.mayssa.com.ar\/sa\/wp-json\/wp\/v2\/pages\/4383\/revisions"}],"predecessor-version":[{"id":4395,"href":"https:\/\/www.mayssa.com.ar\/sa\/wp-json\/wp\/v2\/pages\/4383\/revisions\/4395"}],"up":[{"embeddable":true,"href":"https:\/\/www.mayssa.com.ar\/sa\/wp-json\/wp\/v2\/pages\/2455"}],"wp:attachment":[{"href":"https:\/\/www.mayssa.com.ar\/sa\/wp-json\/wp\/v2\/media?parent=4383"}],"curies":[{"name":"wp","href":"https:\/\/api.w.org\/{rel}","templated":true}]}}