{"id":328,"date":"2025-03-04T01:38:57","date_gmt":"2025-03-04T04:38:57","guid":{"rendered":"https:\/\/www.mayssa.com.ar\/sa\/index.php\/about\/"},"modified":"2025-03-17T07:04:18","modified_gmt":"2025-03-17T10:04:18","slug":"nosotros","status":"publish","type":"page","link":"https:\/\/www.mayssa.com.ar\/sa\/nosotros\/","title":{"rendered":"Nosotros"},"content":{"rendered":"\t\t<div data-elementor-type=\"wp-page\" data-elementor-id=\"328\" class=\"elementor elementor-328\" data-elementor-post-type=\"page\">\n\t\t\t\t<div data-particle_enable=\"false\" data-particle-mobile-disabled=\"false\" class=\"elementor-element elementor-element-40a9285c e-con-full e-flex e-con e-parent\" data-id=\"40a9285c\" data-element_type=\"container\" data-settings=\"{&quot;background_background&quot;:&quot;classic&quot;}\">\n\t\t\t\t<\/div>\n\t\t<div data-particle_enable=\"false\" data-particle-mobile-disabled=\"false\" class=\"elementor-element elementor-element-a0ffa71 e-flex e-con-boxed e-con e-parent\" data-id=\"a0ffa71\" data-element_type=\"container\" data-settings=\"{&quot;background_background&quot;:&quot;classic&quot;}\">\n\t\t\t\t\t<div class=\"e-con-inner\">\n\t\t<div data-particle_enable=\"false\" data-particle-mobile-disabled=\"false\" class=\"elementor-element elementor-element-9de5196 e-con-full e-flex e-con e-child\" data-id=\"9de5196\" data-element_type=\"container\">\n\t\t\t\t<div class=\"elementor-element elementor-element-2679d83 elementor-widget elementor-widget-heading\" data-id=\"2679d83\" data-element_type=\"widget\" data-widget_type=\"heading.default\">\n\t\t\t\t<div class=\"elementor-widget-container\">\n\t\t\t\t\t<h1 class=\"elementor-heading-title elementor-size-default\">Nosotros<\/h1>\t\t\t\t<\/div>\n\t\t\t\t<\/div>\n\t\t\t\t<div class=\"elementor-element elementor-element-fcc3f68 elementor-widget-divider--view-line elementor-widget elementor-widget-divider\" data-id=\"fcc3f68\" data-element_type=\"widget\" data-widget_type=\"divider.default\">\n\t\t\t\t<div class=\"elementor-widget-container\">\n\t\t\t\t\t\t\t<div class=\"elementor-divider\">\n\t\t\t<span class=\"elementor-divider-separator\">\n\t\t\t\t\t\t<\/span>\n\t\t<\/div>\n\t\t\t\t\t\t<\/div>\n\t\t\t\t<\/div>\n\t\t\t\t<\/div>\n\t\t\t\t\t<\/div>\n\t\t\t\t<\/div>\n\t\t<div data-particle_enable=\"false\" data-particle-mobile-disabled=\"false\" class=\"elementor-element elementor-element-e35fe1f e-flex e-con-boxed e-con e-parent\" data-id=\"e35fe1f\" data-element_type=\"container\" data-settings=\"{&quot;background_background&quot;:&quot;classic&quot;}\">\n\t\t\t\t\t<div class=\"e-con-inner\">\n\t\t<div data-particle_enable=\"false\" data-particle-mobile-disabled=\"false\" class=\"elementor-element elementor-element-132936d e-con-full e-flex e-con e-child\" data-id=\"132936d\" data-element_type=\"container\">\n\t\t<div data-particle_enable=\"false\" data-particle-mobile-disabled=\"false\" class=\"elementor-element elementor-element-7c9fc51 e-flex e-con-boxed e-con e-child\" data-id=\"7c9fc51\" data-element_type=\"container\">\n\t\t\t\t\t<div class=\"e-con-inner\">\n\t\t\t\t<div class=\"elementor-element elementor-element-a43dea4 elementor-widget__width-initial elementor-widget-mobile__width-inherit elementor-widget elementor-widget-heading\" data-id=\"a43dea4\" data-element_type=\"widget\" data-widget_type=\"heading.default\">\n\t\t\t\t<div class=\"elementor-widget-container\">\n\t\t\t\t\t<h2 class=\"elementor-heading-title elementor-size-default\">Somos distribuidores de equipos Case CE para la construcci\u00f3n y la miner\u00eda en el NOA; Y concesionario Case IH agr\u00edcola para las provincias de Salta y Jujuy.<\/h2>\t\t\t\t<\/div>\n\t\t\t\t<\/div>\n\t\t\t\t<div class=\"elementor-element elementor-element-3084a0e elementor-widget__width-initial elementor-widget-mobile__width-inherit elementor-widget elementor-widget-text-editor\" data-id=\"3084a0e\" data-element_type=\"widget\" data-widget_type=\"text-editor.default\">\n\t\t\t\t<div class=\"elementor-widget-container\">\n\t\t\t\t\t\t\t\t\t<p><b>Acompa\u00f1amos el desarrollo<\/b><span style=\"font-weight: 400;\"> de nuestros clientes a trav\u00e9s de la comercializaci\u00f3n de <\/span><span style=\"font-weight: 400;\">maquinarias de \u00faltima generaci\u00f3n para el agro y la construcci\u00f3n, <\/span><b>financiaci\u00f3n, atenci\u00f3n personalizada y un servicio post venta<\/b><span style=\"font-weight: 400;\"> que responde a las exigentes <\/span><span style=\"font-weight: 400;\">necesidades del mercado.<\/span><\/p>\n<p><span style=\"font-weight: 400;\">Entendiendo que ser socios de nuestros clientes es estar all\u00ed, donde m\u00e1s <\/span><span style=\"font-weight: 400;\">nos necesitan, para impulsar y acompa\u00f1ar su desarrollo.<\/span><\/p>\t\t\t\t\t\t\t\t<\/div>\n\t\t\t\t<\/div>\n\t\t\t\t\t<\/div>\n\t\t\t\t<\/div>\n\t\t\t\t<\/div>\n\t\t\t\t\t<\/div>\n\t\t\t\t<\/div>\n\t\t<div data-particle_enable=\"false\" data-particle-mobile-disabled=\"false\" class=\"elementor-element elementor-element-673cc2ff e-flex e-con-boxed e-con e-parent\" data-id=\"673cc2ff\" data-element_type=\"container\" data-settings=\"{&quot;background_background&quot;:&quot;video&quot;,&quot;background_video_link&quot;:&quot;https:\\\/\\\/www.mayssa.com.ar\\\/sa\\\/wp-content\\\/uploads\\\/2025\\\/03\\\/mayssa1.mp4&quot;,&quot;background_play_on_mobile&quot;:&quot;yes&quot;}\">\n\t\t\t\t\t<div class=\"e-con-inner\">\n\t\t<div class=\"elementor-background-video-container\" aria-hidden=\"true\">\n\t\t\t\t\t\t\t<video class=\"elementor-background-video-hosted\" autoplay muted playsinline loop><\/video>\n\t\t\t\t\t<\/div><div data-particle_enable=\"false\" data-particle-mobile-disabled=\"false\" class=\"elementor-element elementor-element-3e39c9ae e-con-full e-flex e-con e-child\" data-id=\"3e39c9ae\" data-element_type=\"container\">\n\t\t\t\t<div class=\"elementor-element elementor-element-2ef0de57 elementor-widget elementor-widget-heading\" data-id=\"2ef0de57\" data-element_type=\"widget\" data-widget_type=\"heading.default\">\n\t\t\t\t<div class=\"elementor-widget-container\">\n\t\t\t\t\t<h2 class=\"elementor-heading-title elementor-size-default\">Somos Mayssa, Maquinarias y Servicios del Norte SA, y nuestro prop\u00f3sito es ser socios, acompa\u00f1ando tu desarrollo e impulsando el futuro.<\/h2>\t\t\t\t<\/div>\n\t\t\t\t<\/div>\n\t\t\t\t<div class=\"elementor-element elementor-element-12ea7c0a elementor-align-center elementor-widget elementor-widget-button\" data-id=\"12ea7c0a\" data-element_type=\"widget\" data-widget_type=\"button.default\">\n\t\t\t\t<div class=\"elementor-widget-container\">\n\t\t\t\t\t\t\t\t\t<div class=\"elementor-button-wrapper\">\n\t\t\t\t\t<a class=\"elementor-button elementor-button-link elementor-size-sm\" href=\"https:\/\/www.mayssa.com.ar\/sa\/servicios\/\">\n\t\t\t\t\t\t<span class=\"elementor-button-content-wrapper\">\n\t\t\t\t\t\t<span class=\"elementor-button-icon\">\n\t\t\t\t<svg aria-hidden=\"true\" class=\"e-font-icon-svg e-fas-angle-right\" viewBox=\"0 0 256 512\" xmlns=\"http:\/\/www.w3.org\/2000\/svg\"><path d=\"M224.3 273l-136 136c-9.4 9.4-24.6 9.4-33.9 0l-22.6-22.6c-9.4-9.4-9.4-24.6 0-33.9l96.4-96.4-96.4-96.4c-9.4-9.4-9.4-24.6 0-33.9L54.3 103c9.4-9.4 24.6-9.4 33.9 0l136 136c9.5 9.4 9.5 24.6.1 34z\"><\/path><\/svg>\t\t\t<\/span>\n\t\t\t\t\t\t\t\t\t<span class=\"elementor-button-text\">Conoc\u00e9 nuestros servicios <\/span>\n\t\t\t\t\t<\/span>\n\t\t\t\t\t<\/a>\n\t\t\t\t<\/div>\n\t\t\t\t\t\t\t\t<\/div>\n\t\t\t\t<\/div>\n\t\t\t\t<\/div>\n\t\t\t\t\t<\/div>\n\t\t\t\t<\/div>\n\t\t<div data-particle_enable=\"false\" data-particle-mobile-disabled=\"false\" class=\"elementor-element elementor-element-f7f9f4a e-flex e-con-boxed e-con e-parent\" data-id=\"f7f9f4a\" data-element_type=\"container\" data-settings=\"{&quot;background_background&quot;:&quot;classic&quot;}\">\n\t\t\t\t\t<div class=\"e-con-inner\">\n\t\t\t\t\t<\/div>\n\t\t\t\t<\/div>\n\t\t<div data-particle_enable=\"false\" data-particle-mobile-disabled=\"false\" class=\"elementor-element elementor-element-f86c96c e-flex e-con-boxed e-con e-parent\" data-id=\"f86c96c\" data-element_type=\"container\">\n\t\t\t\t\t<div class=\"e-con-inner\">\n\t\t<div data-particle_enable=\"false\" data-particle-mobile-disabled=\"false\" class=\"elementor-element elementor-element-038b306 e-con-full e-flex e-con e-child\" data-id=\"038b306\" data-element_type=\"container\">\n\t\t\t\t<div class=\"elementor-element elementor-element-4028d7f elementor-vertical-align-middle elementor-widget elementor-widget-image-box\" data-id=\"4028d7f\" data-element_type=\"widget\" data-widget_type=\"image-box.default\">\n\t\t\t\t<div class=\"elementor-widget-container\">\n\t\t\t\t\t<div class=\"elementor-image-box-wrapper\"><div class=\"elementor-image-box-content\"><h2 class=\"elementor-image-box-title\">Tecnolog\u00eda e Innovaci\u00f3n<\/h2><p class=\"elementor-image-box-description\">Desde 2016<b> apostamos a la comercializaci\u00f3n de maquinaria, equipos y repuestos, de alta calidad y performance<\/b>, seleccionando cuidadosamente las\nmarcas con las que nos asociamos.\n<\/p><\/div><\/div>\t\t\t\t<\/div>\n\t\t\t\t<\/div>\n\t\t\t\t<\/div>\n\t\t<div data-particle_enable=\"false\" data-particle-mobile-disabled=\"false\" class=\"elementor-element elementor-element-3f7eba1 e-con-full e-flex e-con e-child\" data-id=\"3f7eba1\" data-element_type=\"container\">\n\t\t\t\t<div class=\"elementor-element elementor-element-8eefc3f elementor-widget elementor-widget-image\" data-id=\"8eefc3f\" data-element_type=\"widget\" data-widget_type=\"image.default\">\n\t\t\t\t<div class=\"elementor-widget-container\">\n\t\t\t\t\t\t\t\t\t\t\t\t\t\t\t<img fetchpriority=\"high\" decoding=\"async\" width=\"1072\" height=\"716\" src=\"https:\/\/www.mayssa.com.ar\/sa\/wp-content\/uploads\/2025\/03\/mayssa-pic4-1.jpg\" class=\"elementor-animation-pulse attachment-large size-large wp-image-1501\" alt=\"\" srcset=\"https:\/\/www.mayssa.com.ar\/sa\/wp-content\/uploads\/2025\/03\/mayssa-pic4-1.jpg 1072w, https:\/\/www.mayssa.com.ar\/sa\/wp-content\/uploads\/2025\/03\/mayssa-pic4-1-300x200.jpg 300w, https:\/\/www.mayssa.com.ar\/sa\/wp-content\/uploads\/2025\/03\/mayssa-pic4-1-768x513.jpg 768w\" sizes=\"(max-width: 1072px) 100vw, 1072px\" \/>\t\t\t\t\t\t\t\t\t\t\t\t\t\t\t<\/div>\n\t\t\t\t<\/div>\n\t\t\t\t<\/div>\n\t\t\t\t\t<\/div>\n\t\t\t\t<\/div>\n\t\t<div data-particle_enable=\"false\" data-particle-mobile-disabled=\"false\" class=\"elementor-element elementor-element-0e538e2 e-flex e-con-boxed e-con e-parent\" data-id=\"0e538e2\" data-element_type=\"container\" data-settings=\"{&quot;background_background&quot;:&quot;classic&quot;}\">\n\t\t\t\t\t<div class=\"e-con-inner\">\n\t\t<div data-particle_enable=\"false\" data-particle-mobile-disabled=\"false\" class=\"elementor-element elementor-element-f7e181d e-con-full e-flex e-con e-child\" data-id=\"f7e181d\" data-element_type=\"container\">\n\t\t\t\t<div class=\"elementor-element elementor-element-1b1b51c elementor-vertical-align-middle elementor-widget elementor-widget-image-box\" data-id=\"1b1b51c\" data-element_type=\"widget\" data-widget_type=\"image-box.default\">\n\t\t\t\t<div class=\"elementor-widget-container\">\n\t\t\t\t\t<div class=\"elementor-image-box-wrapper\"><div class=\"elementor-image-box-content\"><p class=\"elementor-image-box-description\"><b>Somos distribuidores de equipos Case CE <\/b>para la construcci\u00f3n y la miner\u00eda en el NOA; <b>Y concesionario Case IH<\/b> agr\u00edcola para las provincias de Salta y Jujuy.\n<br><br>\nEn 2018 <b>incorporamos la marca FPT de motores<\/b> y en 2024 comenzamos a trabajar con <b>AGF en implementos hidr\u00e1ulicos<\/b>.\n<\/p><\/div><\/div>\t\t\t\t<\/div>\n\t\t\t\t<\/div>\n\t\t\t\t<\/div>\n\t\t<div data-particle_enable=\"false\" data-particle-mobile-disabled=\"false\" class=\"elementor-element elementor-element-e5a6921 e-con-full e-flex e-con e-child\" data-id=\"e5a6921\" data-element_type=\"container\">\n\t\t\t\t<div class=\"elementor-element elementor-element-fccf49d elementor-widget elementor-widget-image\" data-id=\"fccf49d\" data-element_type=\"widget\" data-widget_type=\"image.default\">\n\t\t\t\t<div class=\"elementor-widget-container\">\n\t\t\t\t\t\t\t\t\t\t\t\t\t\t\t<img decoding=\"async\" width=\"1200\" height=\"716\" src=\"https:\/\/www.mayssa.com.ar\/sa\/wp-content\/uploads\/2025\/03\/mayssa-pic11-1.jpg\" class=\"elementor-animation-pulse attachment-large size-large wp-image-1496\" alt=\"\" srcset=\"https:\/\/www.mayssa.com.ar\/sa\/wp-content\/uploads\/2025\/03\/mayssa-pic11-1.jpg 1200w, https:\/\/www.mayssa.com.ar\/sa\/wp-content\/uploads\/2025\/03\/mayssa-pic11-1-300x179.jpg 300w, https:\/\/www.mayssa.com.ar\/sa\/wp-content\/uploads\/2025\/03\/mayssa-pic11-1-768x458.jpg 768w\" sizes=\"(max-width: 1200px) 100vw, 1200px\" \/>\t\t\t\t\t\t\t\t\t\t\t\t\t\t\t<\/div>\n\t\t\t\t<\/div>\n\t\t\t\t<div class=\"elementor-element elementor-element-c32f6e6 elementor-vertical-align-middle elementor-widget elementor-widget-image-box\" data-id=\"c32f6e6\" data-element_type=\"widget\" data-widget_type=\"image-box.default\">\n\t\t\t\t<div class=\"elementor-widget-container\">\n\t\t\t\t\t<div class=\"elementor-image-box-wrapper\"><div class=\"elementor-image-box-content\"><p class=\"elementor-image-box-description\">Somos una empresa que <b>sabe lo que necesitas<\/b>, acompa\u00f1\u00e1ndote en cada etapa con productos de <b>calidad e innovaci\u00f3n<\/b>, <b>financiaci\u00f3n personalizada  y servicio post venta<\/b>, para que puedas desarrollar tu negocio e <b>impulsar tu futuro<\/b>.<\/p><\/div><\/div>\t\t\t\t<\/div>\n\t\t\t\t<\/div>\n\t\t\t\t<div class=\"elementor-element elementor-element-69c3118 elementor-align-center elementor-widget elementor-widget-button\" data-id=\"69c3118\" data-element_type=\"widget\" data-widget_type=\"button.default\">\n\t\t\t\t<div class=\"elementor-widget-container\">\n\t\t\t\t\t\t\t\t\t<div class=\"elementor-button-wrapper\">\n\t\t\t\t\t<a class=\"elementor-button elementor-button-link elementor-size-sm\" href=\"https:\/\/www.mayssa.com.ar\/sa\/maquinarias\/\" target=\"_blank\">\n\t\t\t\t\t\t<span class=\"elementor-button-content-wrapper\">\n\t\t\t\t\t\t<span class=\"elementor-button-icon\">\n\t\t\t\t<svg aria-hidden=\"true\" class=\"e-font-icon-svg e-fas-angle-right\" viewBox=\"0 0 256 512\" xmlns=\"http:\/\/www.w3.org\/2000\/svg\"><path d=\"M224.3 273l-136 136c-9.4 9.4-24.6 9.4-33.9 0l-22.6-22.6c-9.4-9.4-9.4-24.6 0-33.9l96.4-96.4-96.4-96.4c-9.4-9.4-9.4-24.6 0-33.9L54.3 103c9.4-9.4 24.6-9.4 33.9 0l136 136c9.5 9.4 9.5 24.6.1 34z\"><\/path><\/svg>\t\t\t<\/span>\n\t\t\t\t\t\t\t\t\t<span class=\"elementor-button-text\">Ver productos<\/span>\n\t\t\t\t\t<\/span>\n\t\t\t\t\t<\/a>\n\t\t\t\t<\/div>\n\t\t\t\t\t\t\t\t<\/div>\n\t\t\t\t<\/div>\n\t\t\t\t<\/div>\n\t\t\t\t\t<\/div>\n\t\t\t\t<\/div>\n\t\t\t\t<\/div>\n\t\t","protected":false},"excerpt":{"rendered":"<p>Nosotros Somos distribuidores de equipos Case CE para la construcci\u00f3n y la miner\u00eda en el NOA; Y concesionario Case IH agr\u00edcola para las provincias de Salta y Jujuy. Acompa\u00f1amos el desarrollo de nuestros clientes a trav\u00e9s de la comercializaci\u00f3n de maquinarias de \u00faltima generaci\u00f3n para el agro y la construcci\u00f3n, financiaci\u00f3n, atenci\u00f3n personalizada y un [&hellip;]<\/p>\n","protected":false},"author":1,"featured_media":0,"parent":0,"menu_order":0,"comment_status":"closed","ping_status":"closed","template":"","meta":{"site-sidebar-layout":"no-sidebar","site-content-layout":"page-builder","ast-site-content-layout":"default","site-content-style":"default","site-sidebar-style":"default","ast-global-header-display":"","ast-banner-title-visibility":"","ast-main-header-display":"","ast-hfb-above-header-display":"","ast-hfb-below-header-display":"","ast-hfb-mobile-header-display":"","site-post-title":"disabled","ast-breadcrumbs-content":"disabled","ast-featured-img":"disabled","footer-sml-layout":"","theme-transparent-header-meta":"enabled","adv-header-id-meta":"","stick-header-meta":"","header-above-stick-meta":"","header-main-stick-meta":"","header-below-stick-meta":"","astra-migrate-meta-layouts":"default","ast-page-background-enabled":"default","ast-page-background-meta":{"desktop":{"background-color":"","background-image":"","background-repeat":"repeat","background-position":"center center","background-size":"auto","background-attachment":"scroll","background-type":"","background-media":"","overlay-type":"","overlay-color":"","overlay-opacity":"","overlay-gradient":""},"tablet":{"background-color":"","background-image":"","background-repeat":"repeat","background-position":"center center","background-size":"auto","background-attachment":"scroll","background-type":"","background-media":"","overlay-type":"","overlay-color":"","overlay-opacity":"","overlay-gradient":""},"mobile":{"background-color":"","background-image":"","background-repeat":"repeat","background-position":"center center","background-size":"auto","background-attachment":"scroll","background-type":"","background-media":"","overlay-type":"","overlay-color":"","overlay-opacity":"","overlay-gradient":""}},"ast-content-background-meta":{"desktop":{"background-color":"var(--ast-global-color-5)","background-image":"","background-repeat":"repeat","background-position":"center center","background-size":"auto","background-attachment":"scroll","background-type":"","background-media":"","overlay-type":"","overlay-color":"","overlay-opacity":"","overlay-gradient":""},"tablet":{"background-color":"var(--ast-global-color-5)","background-image":"","background-repeat":"repeat","background-position":"center center","background-size":"auto","background-attachment":"scroll","background-type":"","background-media":"","overlay-type":"","overlay-color":"","overlay-opacity":"","overlay-gradient":""},"mobile":{"background-color":"var(--ast-global-color-5)","background-image":"","background-repeat":"repeat","background-position":"center center","background-size":"auto","background-attachment":"scroll","background-type":"","background-media":"","overlay-type":"","overlay-color":"","overlay-opacity":"","overlay-gradient":""}},"footnotes":""},"class_list":["post-328","page","type-page","status-publish","hentry"],"_links":{"self":[{"href":"https:\/\/www.mayssa.com.ar\/sa\/wp-json\/wp\/v2\/pages\/328","targetHints":{"allow":["GET"]}}],"collection":[{"href":"https:\/\/www.mayssa.com.ar\/sa\/wp-json\/wp\/v2\/pages"}],"about":[{"href":"https:\/\/www.mayssa.com.ar\/sa\/wp-json\/wp\/v2\/types\/page"}],"author":[{"embeddable":true,"href":"https:\/\/www.mayssa.com.ar\/sa\/wp-json\/wp\/v2\/users\/1"}],"replies":[{"embeddable":true,"href":"https:\/\/www.mayssa.com.ar\/sa\/wp-json\/wp\/v2\/comments?post=328"}],"version-history":[{"count":67,"href":"https:\/\/www.mayssa.com.ar\/sa\/wp-json\/wp\/v2\/pages\/328\/revisions"}],"predecessor-version":[{"id":1736,"href":"https:\/\/www.mayssa.com.ar\/sa\/wp-json\/wp\/v2\/pages\/328\/revisions\/1736"}],"wp:attachment":[{"href":"https:\/\/www.mayssa.com.ar\/sa\/wp-json\/wp\/v2\/media?parent=328"}],"curies":[{"name":"wp","href":"https:\/\/api.w.org\/{rel}","templated":true}]}}